{"id":1828,"date":"2024-05-27T08:04:59","date_gmt":"2024-05-27T06:04:59","guid":{"rendered":"https:\/\/www.ukbb.ch\/?post_type=behandlung-betreuung&#038;p=1828"},"modified":"2026-01-09T09:40:58","modified_gmt":"2026-01-09T08:40:58","slug":"heures-de-consultation","status":"publish","type":"page","link":"http:\/\/www.ukbb.ch\/fr\/behandlung-betreuung\/sprechstunden\/","title":{"rendered":"Heures de consultation"},"content":{"rendered":"","protected":false},"excerpt":{"rendered":"<p>L'UKBB propose de nombreuses consultations. Les inscriptions se font exclusivement par l'interm\u00e9diaire des m\u00e9decins r\u00e9f\u00e9rents*. Vous avez d\u00e9j\u00e0 un rendez-vous et souhaitez le modifier ? Vous trouverez les bonnes coordonn\u00e9es dans la liste des consultations.<\/p>","protected":false},"author":1,"featured_media":0,"parent":84,"menu_order":0,"comment_status":"closed","ping_status":"closed","template":"","meta":{"_acf_changed":false,"footnotes":""},"class_list":["post-1828","page","type-page","status-publish","hentry"],"acf":[],"_links":{"self":[{"href":"http:\/\/www.ukbb.ch\/fr\/wp-json\/wp\/v2\/pages\/1828","targetHints":{"allow":["GET"]}}],"collection":[{"href":"http:\/\/www.ukbb.ch\/fr\/wp-json\/wp\/v2\/pages"}],"about":[{"href":"http:\/\/www.ukbb.ch\/fr\/wp-json\/wp\/v2\/types\/page"}],"author":[{"embeddable":true,"href":"http:\/\/www.ukbb.ch\/fr\/wp-json\/wp\/v2\/users\/1"}],"replies":[{"embeddable":true,"href":"http:\/\/www.ukbb.ch\/fr\/wp-json\/wp\/v2\/comments?post=1828"}],"version-history":[{"count":0,"href":"http:\/\/www.ukbb.ch\/fr\/wp-json\/wp\/v2\/pages\/1828\/revisions"}],"up":[{"embeddable":true,"href":"http:\/\/www.ukbb.ch\/fr\/wp-json\/wp\/v2\/pages\/84"}],"wp:attachment":[{"href":"http:\/\/www.ukbb.ch\/fr\/wp-json\/wp\/v2\/media?parent=1828"}],"curies":[{"name":"wp","href":"https:\/\/api.w.org\/{rel}","templated":true}]}}