{"id":222,"date":"2024-05-08T09:04:17","date_gmt":"2024-05-08T07:04:17","guid":{"rendered":"https:\/\/www.ukbb.ch\/?page_id=222"},"modified":"2026-01-29T09:48:13","modified_gmt":"2026-01-29T08:48:13","slug":"attributions","status":"publish","type":"page","link":"http:\/\/www.ukbb.ch\/fr\/zuweisungen\/","title":{"rendered":"Dotations"},"content":{"rendered":"","protected":false},"excerpt":{"rendered":"<p>Nous vous remercions d'avoir adress\u00e9 vos patients* \u00e0 l'UKBB. Afin d'augmenter la s\u00e9curit\u00e9 des traitements m\u00e9dicaux, nous vous recommandons de vous inscrire via la plateforme docbox.<\/p>","protected":false},"author":1,"featured_media":1934,"parent":0,"menu_order":0,"comment_status":"closed","ping_status":"closed","template":"","meta":{"_acf_changed":false,"footnotes":""},"class_list":["post-222","page","type-page","status-publish","has-post-thumbnail","hentry"],"acf":[],"_links":{"self":[{"href":"http:\/\/www.ukbb.ch\/fr\/wp-json\/wp\/v2\/pages\/222","targetHints":{"allow":["GET"]}}],"collection":[{"href":"http:\/\/www.ukbb.ch\/fr\/wp-json\/wp\/v2\/pages"}],"about":[{"href":"http:\/\/www.ukbb.ch\/fr\/wp-json\/wp\/v2\/types\/page"}],"author":[{"embeddable":true,"href":"http:\/\/www.ukbb.ch\/fr\/wp-json\/wp\/v2\/users\/1"}],"replies":[{"embeddable":true,"href":"http:\/\/www.ukbb.ch\/fr\/wp-json\/wp\/v2\/comments?post=222"}],"version-history":[{"count":0,"href":"http:\/\/www.ukbb.ch\/fr\/wp-json\/wp\/v2\/pages\/222\/revisions"}],"wp:featuredmedia":[{"embeddable":true,"href":"http:\/\/www.ukbb.ch\/fr\/wp-json\/wp\/v2\/media\/1934"}],"wp:attachment":[{"href":"http:\/\/www.ukbb.ch\/fr\/wp-json\/wp\/v2\/media?parent=222"}],"curies":[{"name":"wp","href":"https:\/\/api.w.org\/{rel}","templated":true}]}}