{"id":5965,"date":"2024-10-22T15:59:59","date_gmt":"2024-10-22T13:59:59","guid":{"rendered":"https:\/\/www.ukbb.ch\/?page_id=5965"},"modified":"2025-05-23T15:40:32","modified_gmt":"2025-05-23T13:40:32","slug":"therapies-orientations-et-prescriptions","status":"publish","type":"page","link":"http:\/\/www.ukbb.ch\/fr\/therapien-ueberweisungen-und-verordnungen\/","title":{"rendered":"Th\u00e9rapies - r\u00e9f\u00e9rences et ordonnances"},"content":{"rendered":"","protected":false},"excerpt":{"rendered":"","protected":false},"author":4,"featured_media":8800,"parent":0,"menu_order":0,"comment_status":"closed","ping_status":"closed","template":"","meta":{"_acf_changed":false,"footnotes":""},"class_list":["post-5965","page","type-page","status-publish","has-post-thumbnail","hentry"],"acf":[],"_links":{"self":[{"href":"http:\/\/www.ukbb.ch\/fr\/wp-json\/wp\/v2\/pages\/5965","targetHints":{"allow":["GET"]}}],"collection":[{"href":"http:\/\/www.ukbb.ch\/fr\/wp-json\/wp\/v2\/pages"}],"about":[{"href":"http:\/\/www.ukbb.ch\/fr\/wp-json\/wp\/v2\/types\/page"}],"author":[{"embeddable":true,"href":"http:\/\/www.ukbb.ch\/fr\/wp-json\/wp\/v2\/users\/4"}],"replies":[{"embeddable":true,"href":"http:\/\/www.ukbb.ch\/fr\/wp-json\/wp\/v2\/comments?post=5965"}],"version-history":[{"count":0,"href":"http:\/\/www.ukbb.ch\/fr\/wp-json\/wp\/v2\/pages\/5965\/revisions"}],"wp:featuredmedia":[{"embeddable":true,"href":"http:\/\/www.ukbb.ch\/fr\/wp-json\/wp\/v2\/media\/8800"}],"wp:attachment":[{"href":"http:\/\/www.ukbb.ch\/fr\/wp-json\/wp\/v2\/media?parent=5965"}],"curies":[{"name":"wp","href":"https:\/\/api.w.org\/{rel}","templated":true}]}}