{"id":88,"date":"2024-05-07T13:40:25","date_gmt":"2024-05-07T11:40:25","guid":{"rendered":"https:\/\/www.ukbb.ch\/?page_id=88"},"modified":"2025-12-16T11:58:46","modified_gmt":"2025-12-16T10:58:46","slug":"recherche","status":"publish","type":"page","link":"http:\/\/www.ukbb.ch\/fr\/forschung\/","title":{"rendered":"Recherche"},"content":{"rendered":"","protected":false},"excerpt":{"rendered":"<p>\u00c0 l'UKBB, la recherche joue un r\u00f4le central, car l'UKBB est un h\u00f4pital universitaire \u00e9troitement li\u00e9 \u00e0 l'universit\u00e9 de B\u00e2le. Des activit\u00e9s de recherche continues permettent d'acqu\u00e9rir de nouvelles connaissances et de r\u00e9aliser des progr\u00e8s en m\u00e9decine p\u00e9diatrique. La recherche \u00e0 l'UKBB contribue au d\u00e9veloppement de la pratique m\u00e9dicale, permet des approches th\u00e9rapeutiques innovantes et am\u00e9liore les soins de sant\u00e9 pour les enfants.<\/p>","protected":false},"author":1,"featured_media":724,"parent":0,"menu_order":0,"comment_status":"closed","ping_status":"closed","template":"","meta":{"_acf_changed":false,"footnotes":""},"class_list":["post-88","page","type-page","status-publish","has-post-thumbnail","hentry"],"acf":[],"_links":{"self":[{"href":"http:\/\/www.ukbb.ch\/fr\/wp-json\/wp\/v2\/pages\/88","targetHints":{"allow":["GET"]}}],"collection":[{"href":"http:\/\/www.ukbb.ch\/fr\/wp-json\/wp\/v2\/pages"}],"about":[{"href":"http:\/\/www.ukbb.ch\/fr\/wp-json\/wp\/v2\/types\/page"}],"author":[{"embeddable":true,"href":"http:\/\/www.ukbb.ch\/fr\/wp-json\/wp\/v2\/users\/1"}],"replies":[{"embeddable":true,"href":"http:\/\/www.ukbb.ch\/fr\/wp-json\/wp\/v2\/comments?post=88"}],"version-history":[{"count":0,"href":"http:\/\/www.ukbb.ch\/fr\/wp-json\/wp\/v2\/pages\/88\/revisions"}],"wp:featuredmedia":[{"embeddable":true,"href":"http:\/\/www.ukbb.ch\/fr\/wp-json\/wp\/v2\/media\/724"}],"wp:attachment":[{"href":"http:\/\/www.ukbb.ch\/fr\/wp-json\/wp\/v2\/media?parent=88"}],"curies":[{"name":"wp","href":"https:\/\/api.w.org\/{rel}","templated":true}]}}